{"id":996,"date":"2018-02-04T21:09:47","date_gmt":"2018-02-04T19:09:47","guid":{"rendered":"http:\/\/mo.junselebyar.se\/?page_id=996"},"modified":"2018-02-04T22:27:05","modified_gmt":"2018-02-04T20:27:05","slug":"befolkning-1870","status":"publish","type":"page","link":"https:\/\/mo.junselebyar.se\/?page_id=996","title":{"rendered":"Befolkning och matlag i Mo by 1870-1920"},"content":{"rendered":"<p><a href=\"http:\/\/mo.junselebyar.se\/wp-content\/uploads\/2018\/02\/MOBOR70.pdf\">Innev\u00e5nare i Mo by 1870<\/a><\/p>\n<p><a href=\"http:\/\/mo.junselebyar.se\/wp-content\/uploads\/2018\/02\/MOBOR80.pdf\">Innev\u00e5nare i Mo by 1880<\/a><\/p>\n<p><a href=\"http:\/\/mo.junselebyar.se\/wp-content\/uploads\/2018\/02\/MOBOR90.pdf\">Innev\u00e5nare i Mo by 1890<\/a><\/p>\n<p><a href=\"http:\/\/mo.junselebyar.se\/wp-content\/uploads\/2018\/02\/MOBOR00.pdf\">Innev\u00e5nare i Mo by 1900<\/a><\/p>\n<p><a href=\"http:\/\/mo.junselebyar.se\/wp-content\/uploads\/2018\/02\/MOBOR10.pdf\">Innev\u00e5nare i Mo By 1910<\/a><\/p>\n<p><a href=\"http:\/\/mo.junselebyar.se\/wp-content\/uploads\/2018\/02\/MOBOR20.pdf\">Innev\u00e5nare i Mo by 1920<\/a><\/p>\n","protected":false},"excerpt":{"rendered":"<p>Innev\u00e5nare i Mo by 1870 Innev\u00e5nare i Mo by 1880 Innev\u00e5nare i Mo by 1890 Innev\u00e5nare i Mo by 1900 Innev\u00e5nare i Mo By 1910 Innev\u00e5nare i Mo by 1920<\/p>\n","protected":false},"author":3,"featured_media":0,"parent":951,"menu_order":0,"comment_status":"closed","ping_status":"closed","template":"","meta":{"footnotes":""},"class_list":["post-996","page","type-page","status-publish","hentry"],"_links":{"self":[{"href":"https:\/\/mo.junselebyar.se\/index.php?rest_route=\/wp\/v2\/pages\/996","targetHints":{"allow":["GET"]}}],"collection":[{"href":"https:\/\/mo.junselebyar.se\/index.php?rest_route=\/wp\/v2\/pages"}],"about":[{"href":"https:\/\/mo.junselebyar.se\/index.php?rest_route=\/wp\/v2\/types\/page"}],"author":[{"embeddable":true,"href":"https:\/\/mo.junselebyar.se\/index.php?rest_route=\/wp\/v2\/users\/3"}],"replies":[{"embeddable":true,"href":"https:\/\/mo.junselebyar.se\/index.php?rest_route=%2Fwp%2Fv2%2Fcomments&post=996"}],"version-history":[{"count":8,"href":"https:\/\/mo.junselebyar.se\/index.php?rest_route=\/wp\/v2\/pages\/996\/revisions"}],"predecessor-version":[{"id":1034,"href":"https:\/\/mo.junselebyar.se\/index.php?rest_route=\/wp\/v2\/pages\/996\/revisions\/1034"}],"up":[{"embeddable":true,"href":"https:\/\/mo.junselebyar.se\/index.php?rest_route=\/wp\/v2\/pages\/951"}],"wp:attachment":[{"href":"https:\/\/mo.junselebyar.se\/index.php?rest_route=%2Fwp%2Fv2%2Fmedia&parent=996"}],"curies":[{"name":"wp","href":"https:\/\/api.w.org\/{rel}","templated":true}]}}